{"id":6,"date":"2007-04-04T19:26:16","date_gmt":"2007-04-04T17:26:16","guid":{"rendered":"http:\/\/www.istgut.net\/wordpress\/?page_id=6"},"modified":"2022-03-09T00:44:40","modified_gmt":"2022-03-08T22:44:40","slug":"impressum","status":"publish","type":"page","link":"https:\/\/www.rechtenwald.com\/wordpress\/?page_id=6","title":{"rendered":"Impressum &#038; Datenschutz"},"content":{"rendered":"<p>rechtenwald.com ist ein <strong>privates Angebot<\/strong> von<\/p>\n<p>Dr. Christian Rechtenwald<br \/>\nAm Graben 24<br \/>\n97944 Boxberg<\/p>\n<p><strong>Inhaltlich Verantwortlicher<\/strong> gem\u00c3\u00a4\u00c3\u0178 \u00c2\u00a7 10 Absatz 3 MDStV:<\/p>\n<p>Christian Rechtenwald (Anschrift wie oben)<\/p>\n<p>Trotz sorgf\u00c3\u00a4ltiger inhaltlicher Kontrolle \u00c3\u00bcbernehme ich keine Haftung f\u00c3\u00bcr die Inhalte externer Links. F\u00c3\u00bcr den Inhalt der verlinkten Seiten sind ausschlie\u00c3\u0178lich deren Betreiber verantwortlich.<\/p>\n<p><strong>Bilder<\/strong><\/p>\n<p>Alle Bilder, wenn nicht anders gekennzeichnet, von Christian Rechtenwald<\/p>\n<p><strong>Datenschutz<\/strong><\/p>\n<p>Aufgrund datenschutzrechtlicher Bedenken wurden vorhandene Kommentare gel\u00c3\u00b6scht, neue Kommentare werden nicht freigeschaltet.<\/p>\n<p>Die Website wird mithilfe von WordPress (https:\/\/de.wordpress.org\/about\/privacy\/) generiert und von der STRATO AG, Pascalstra\u00c3\u0178e 10, 10587 Berlin gehosted (https:\/\/www.strato.de\/datenschutz\/ &#8211; https:\/\/www.strato.de\/apps\/GoTo\/privacy) und setzt so genannte Cookies. Dabei handelt es sich um kleine Textdateien, die mit Hilfe des Browsers auf Ihrem Endger\u00c3\u00a4t abgelegt werden. Sie richten keinen Schaden an.<br \/>\nEinige Cookies bleiben auf Ihrem Endger\u00c3\u00a4t gespeichert, bis Sie diese l\u00c3\u00b6schen. Sie erm\u00c3\u00b6glichen es , Ihren Browser beim n\u00c3\u00a4chsten Besuch wiederzuerkennen.<br \/>\nWenn Sie dies nicht w\u00c3\u00bcnschen, so k\u00c3\u00b6nnen Sie Ihren Browser so einrichten, dass er Sie \u00c3\u00bcber das Setzen von Cookies informiert und Sie dies nur im Einzelfall erlauben.<br \/>\nBei der Deaktivierung von Cookies kann die Funktionalit\u00c3\u00a4t meiner Website eingeschr\u00c3\u00a4nkt sein.<\/p>\n<p>Mein Webhoster STRATO AG, Pascalstra\u00c3\u0178e 10, 10587 Berlin  verwendet eine von mir nicht abschaltbare Funktion zur Webanalyse, die eine anonymisierte Analyse der Benutzung der Website durch Ihre Benutzer erm\u00c3\u00b6glicht. Die dadurch erzeugten Informationen werden auf den Server des Anbieters \u00c3\u00bcbertragen und dort gespeichert. Die anonymisierten Nutzerdaten werden statistisch bis auf Weiteres aufbewahrt.<\/p>\n","protected":false},"excerpt":{"rendered":"<p>rechtenwald.com ist ein privates Angebot von Dr. Christian Rechtenwald Am Graben 24 97944 Boxberg Inhaltlich Verantwortlicher gem\u00c3\u00a4\u00c3\u0178 \u00c2\u00a7 10 Absatz 3 MDStV: Christian Rechtenwald (Anschrift wie oben) Trotz sorgf\u00c3\u00a4ltiger inhaltlicher Kontrolle \u00c3\u00bcbernehme ich keine Haftung f\u00c3\u00bcr die Inhalte externer Links. F\u00c3\u00bcr den Inhalt der verlinkten Seiten sind ausschlie\u00c3\u0178lich deren Betreiber verantwortlich. Bilder Alle Bilder, wenn [&hellip;]<\/p>\n","protected":false},"author":1,"featured_media":0,"parent":0,"menu_order":0,"comment_status":"closed","ping_status":"closed","template":"","meta":[],"_links":{"self":[{"href":"https:\/\/www.rechtenwald.com\/wordpress\/index.php?rest_route=\/wp\/v2\/pages\/6"}],"collection":[{"href":"https:\/\/www.rechtenwald.com\/wordpress\/index.php?rest_route=\/wp\/v2\/pages"}],"about":[{"href":"https:\/\/www.rechtenwald.com\/wordpress\/index.php?rest_route=\/wp\/v2\/types\/page"}],"author":[{"embeddable":true,"href":"https:\/\/www.rechtenwald.com\/wordpress\/index.php?rest_route=\/wp\/v2\/users\/1"}],"replies":[{"embeddable":true,"href":"https:\/\/www.rechtenwald.com\/wordpress\/index.php?rest_route=%2Fwp%2Fv2%2Fcomments&post=6"}],"version-history":[{"count":8,"href":"https:\/\/www.rechtenwald.com\/wordpress\/index.php?rest_route=\/wp\/v2\/pages\/6\/revisions"}],"predecessor-version":[{"id":1039,"href":"https:\/\/www.rechtenwald.com\/wordpress\/index.php?rest_route=\/wp\/v2\/pages\/6\/revisions\/1039"}],"wp:attachment":[{"href":"https:\/\/www.rechtenwald.com\/wordpress\/index.php?rest_route=%2Fwp%2Fv2%2Fmedia&parent=6"}],"curies":[{"name":"wp","href":"https:\/\/api.w.org\/{rel}","templated":true}]}}