{"id":682,"date":"2015-01-19T13:08:58","date_gmt":"2015-01-19T11:08:58","guid":{"rendered":"http:\/\/www.istgut.net\/wordpress\/?page_id=682"},"modified":"2022-03-09T00:38:08","modified_gmt":"2022-03-08T22:38:08","slug":"seite1","status":"publish","type":"page","link":"https:\/\/www.rechtenwald.com\/wordpress\/","title":{"rendered":"Guten Tag"},"content":{"rendered":"<p>Diese Internetseiten beherbergten in der Vergangenheit zahlreiche Vorlesungsmitschriften und Skripte unterschiedlichen Alters, Pflegeschulpr\u00c3\u00a4sentationen, Urlaubsberichte, Medizinlinks und mein privates \u00c3\u0153berallwiki, waren Testumgebung f\u00c3\u00bcr andere Seiten undsoweiterundsofort.<\/p>\n<p>Gerade machen sie nix.<\/p>\n<p>Christian Rechtenwald<\/p>\n","protected":false},"excerpt":{"rendered":"<p>Diese Internetseiten beherbergten in der Vergangenheit zahlreiche Vorlesungsmitschriften und Skripte unterschiedlichen Alters, Pflegeschulpr\u00c3\u00a4sentationen, Urlaubsberichte, Medizinlinks und mein privates \u00c3\u0153berallwiki, waren Testumgebung f\u00c3\u00bcr andere Seiten undsoweiterundsofort. Gerade machen sie nix. Christian Rechtenwald<\/p>\n","protected":false},"author":1,"featured_media":0,"parent":0,"menu_order":0,"comment_status":"closed","ping_status":"closed","template":"","meta":[],"_links":{"self":[{"href":"https:\/\/www.rechtenwald.com\/wordpress\/index.php?rest_route=\/wp\/v2\/pages\/682"}],"collection":[{"href":"https:\/\/www.rechtenwald.com\/wordpress\/index.php?rest_route=\/wp\/v2\/pages"}],"about":[{"href":"https:\/\/www.rechtenwald.com\/wordpress\/index.php?rest_route=\/wp\/v2\/types\/page"}],"author":[{"embeddable":true,"href":"https:\/\/www.rechtenwald.com\/wordpress\/index.php?rest_route=\/wp\/v2\/users\/1"}],"replies":[{"embeddable":true,"href":"https:\/\/www.rechtenwald.com\/wordpress\/index.php?rest_route=%2Fwp%2Fv2%2Fcomments&post=682"}],"version-history":[{"count":11,"href":"https:\/\/www.rechtenwald.com\/wordpress\/index.php?rest_route=\/wp\/v2\/pages\/682\/revisions"}],"predecessor-version":[{"id":1034,"href":"https:\/\/www.rechtenwald.com\/wordpress\/index.php?rest_route=\/wp\/v2\/pages\/682\/revisions\/1034"}],"wp:attachment":[{"href":"https:\/\/www.rechtenwald.com\/wordpress\/index.php?rest_route=%2Fwp%2Fv2%2Fmedia&parent=682"}],"curies":[{"name":"wp","href":"https:\/\/api.w.org\/{rel}","templated":true}]}}